{"id":654,"date":"2011-03-18T09:23:46","date_gmt":"2011-03-18T08:23:46","guid":{"rendered":"https:\/\/tobi3.se\/blog\/?page_id=654"},"modified":"2011-03-18T14:41:15","modified_gmt":"2011-03-18T13:41:15","slug":"help","status":"publish","type":"page","link":"https:\/\/tobi3.se\/blog\/sv\/help\/","title":{"rendered":"Hj\u00e4lp"},"content":{"rendered":"<p><strong>Saknas svaret p\u00e5 din fr\u00e5ga?<\/strong><br \/>\nD\u00e5 kan du ju st\u00e4lla fr\u00e5gan h\u00e4r nedanf\u00f6r, i kommentarsrutan. Eller mejla till <strong>info(&#8221;snabel-a&#8221;)tobi3.se<\/strong>.<\/p>\n<p><strong>Hur laddar jag upp min egen anv\u00e4ndarbild?<\/strong><br \/>\nDen h\u00e4r sajten, liksom m\u00e5nga andra, anv\u00e4nder ett system som heter <a href=\"http:\/\/sv.gravatar.com\">gravatar<\/a>, en f\u00f6rkortning f\u00f6r Globally Recognized Avatar. D\u00e4r kan du skapa ett eget konto och ladda upp en eller flera anv\u00e4ndarbilder som du vill ska synas vid dina kommentarer p\u00e5 denna och alla andra anslutna sajter. Adressen till gravatar&#8217;s svenska sidor \u00e4r <a href=\"http:\/\/sv.gravatar.com\/\">http:\/\/sv.gravatar.com\/<\/a><\/p>\n<p><strong>Varf\u00f6r finns inte den h\u00e4r sidan p\u00e5 svenska?<\/strong><br \/>\nEn stor del av det \u00e4ldre materialet p\u00e5 denna sajt kommer fr\u00e5n en blogg som jag skrev uteslutande p\u00e5 ryska.<br \/>\n&#8221;Beroende p\u00e5 dagsformen&#8221; kan det h\u00e4nda att jag ibland inte \u00f6vers\u00e4tter allt jag skriver till svenska.<br \/>\nOm du tror dig ha hittat n\u00e5got som verkligen f\u00f6rtj\u00e4nar att finnas p\u00e5 svenska, skriv en kommentar eller mejla mig (Klistra g\u00e4rna in en l\u00e4nk till sidan ocks\u00e5, s\u00e5 underl\u00e4ttar du f\u00f6r mig). Om jag har tid och lust, s\u00e5 kanske jag \u00f6vers\u00e4tter sidan du fr\u00e5gar efter \ud83d\ude42<br \/>\nPS! P\u00e5 sidan <a href=\"https:\/\/tobi3.se\/blog\/om-sajten\/?lang=sv\">Om sajten<\/a> har jag tipsat om hur du kan anv\u00e4nda Google Translate f\u00f6r att f\u00f6rst\u00e5 en del av det som st\u00e5r p\u00e5 andra spr\u00e5k.<br \/>\n<\/p>","protected":false},"excerpt":{"rendered":"<p>Saknas svaret p\u00e5 din fr\u00e5ga? D\u00e5 kan du ju st\u00e4lla fr\u00e5gan h\u00e4r nedanf\u00f6r, i kommentarsrutan. Eller mejla till info(&#8221;snabel-a&#8221;)tobi3.se. Hur laddar jag upp min egen anv\u00e4ndarbild? Den h\u00e4r sajten, liksom m\u00e5nga andra, anv\u00e4nder ett system som heter gravatar, en f\u00f6rkortning f\u00f6r Globally Recognized Avatar. D\u00e4r kan du skapa ett eget konto och ladda upp en &hellip; <a href=\"https:\/\/tobi3.se\/blog\/sv\/help\/\" class=\"more-link\">Forts\u00e4tt l\u00e4sa <span class=\"screen-reader-text\">Hj\u00e4lp<\/span> <span class=\"meta-nav\">&rarr;<\/span><\/a><\/p>\n","protected":false},"author":1,"featured_media":0,"parent":0,"menu_order":0,"comment_status":"open","ping_status":"closed","template":"","meta":{"footnotes":""},"class_list":["post-654","page","type-page","status-publish","hentry"],"yoast_head":"<!-- This site is optimized with the Yoast SEO plugin v27.5 - https:\/\/yoast.com\/product\/yoast-seo-wordpress\/ -->\n<title>Hj\u00e4lp\u0421\u043f\u0440\u0430\u0432\u043a\u0430Help - Tobi \u00d7 3<\/title>\n<meta name=\"robots\" content=\"index, follow, max-snippet:-1, max-image-preview:large, max-video-preview:-1\" \/>\n<link rel=\"canonical\" href=\"https:\/\/tobi3.se\/blog\/sv\/help\/\" \/>\n<meta property=\"og:locale\" content=\"sv_SE\" \/>\n<meta property=\"og:type\" content=\"article\" \/>\n<meta property=\"og:title\" content=\"Hj\u00e4lp\u0421\u043f\u0440\u0430\u0432\u043a\u0430Help - Tobi \u00d7 3\" \/>\n<meta property=\"og:description\" content=\"Saknas svaret p\u00e5 din fr\u00e5ga? D\u00e5 kan du ju st\u00e4lla fr\u00e5gan h\u00e4r nedanf\u00f6r, i kommentarsrutan. Eller mejla till info(&#8221;snabel-a&#8221;)tobi3.se. Hur laddar jag upp min egen anv\u00e4ndarbild? Den h\u00e4r sajten, liksom m\u00e5nga andra, anv\u00e4nder ett system som heter gravatar, en f\u00f6rkortning f\u00f6r Globally Recognized Avatar. D\u00e4r kan du skapa ett eget konto och ladda upp en &hellip; Forts\u00e4tt l\u00e4sa Hj\u00e4lp &rarr;\" \/>\n<meta property=\"og:url\" content=\"https:\/\/tobi3.se\/blog\/sv\/help\/\" \/>\n<meta property=\"og:site_name\" content=\"Tobi \u00d7 3\" \/>\n<meta property=\"article:modified_time\" content=\"2011-03-18T13:41:15+00:00\" \/>\n<meta name=\"twitter:card\" content=\"summary_large_image\" \/>\n<meta name=\"twitter:label1\" content=\"Ber\u00e4knad l\u00e4stid\" \/>\n\t<meta name=\"twitter:data1\" content=\"2 minuter\" \/>\n<script type=\"application\/ld+json\" class=\"yoast-schema-graph\">{\"@context\":\"https:\\\/\\\/schema.org\",\"@graph\":[{\"@type\":\"WebPage\",\"@id\":\"https:\\\/\\\/tobi3.se\\\/blog\\\/sv\\\/help\\\/\",\"url\":\"https:\\\/\\\/tobi3.se\\\/blog\\\/sv\\\/help\\\/\",\"name\":\"Hj\u00e4lp\u0421\u043f\u0440\u0430\u0432\u043a\u0430Help - Tobi \u00d7 3\",\"isPartOf\":{\"@id\":\"https:\\\/\\\/tobi3.se\\\/blog\\\/sv\\\/#website\"},\"datePublished\":\"2011-03-18T08:23:46+00:00\",\"dateModified\":\"2011-03-18T13:41:15+00:00\",\"breadcrumb\":{\"@id\":\"https:\\\/\\\/tobi3.se\\\/blog\\\/sv\\\/help\\\/#breadcrumb\"},\"inLanguage\":\"sv-SE\",\"potentialAction\":[{\"@type\":\"ReadAction\",\"target\":[[\"https:\\\/\\\/tobi3.se\\\/blog\\\/sv\\\/help\\\/\"]]}]},{\"@type\":\"BreadcrumbList\",\"@id\":\"https:\\\/\\\/tobi3.se\\\/blog\\\/sv\\\/help\\\/#breadcrumb\",\"itemListElement\":[{\"@type\":\"ListItem\",\"position\":1,\"name\":\"Home\",\"item\":\"https:\\\/\\\/tobi3.se\\\/blog\\\/sv\\\/\"},{\"@type\":\"ListItem\",\"position\":2,\"name\":\"Hj\u00e4lp\"}]},{\"@type\":\"WebSite\",\"@id\":\"https:\\\/\\\/tobi3.se\\\/blog\\\/sv\\\/#website\",\"url\":\"https:\\\/\\\/tobi3.se\\\/blog\\\/sv\\\/\",\"name\":\"Tobi \u00d7 3\",\"description\":\"Om livet - p\u00e5 tre spr\u00e5k!\",\"potentialAction\":[{\"@type\":\"SearchAction\",\"target\":{\"@type\":\"EntryPoint\",\"urlTemplate\":\"https:\\\/\\\/tobi3.se\\\/blog\\\/sv\\\/?s={search_term_string}\"},\"query-input\":{\"@type\":\"PropertyValueSpecification\",\"valueRequired\":true,\"valueName\":\"search_term_string\"}}],\"inLanguage\":\"sv-SE\"}]}<\/script>\n<!-- \/ Yoast SEO plugin. -->","yoast_head_json":{"title":"Hj\u00e4lp\u0421\u043f\u0440\u0430\u0432\u043a\u0430Help - Tobi \u00d7 3","robots":{"index":"index","follow":"follow","max-snippet":"max-snippet:-1","max-image-preview":"max-image-preview:large","max-video-preview":"max-video-preview:-1"},"canonical":"https:\/\/tobi3.se\/blog\/sv\/help\/","og_locale":"sv_SE","og_type":"article","og_title":"Hj\u00e4lp\u0421\u043f\u0440\u0430\u0432\u043a\u0430Help - Tobi \u00d7 3","og_description":"Saknas svaret p\u00e5 din fr\u00e5ga? D\u00e5 kan du ju st\u00e4lla fr\u00e5gan h\u00e4r nedanf\u00f6r, i kommentarsrutan. Eller mejla till info(&#8221;snabel-a&#8221;)tobi3.se. Hur laddar jag upp min egen anv\u00e4ndarbild? Den h\u00e4r sajten, liksom m\u00e5nga andra, anv\u00e4nder ett system som heter gravatar, en f\u00f6rkortning f\u00f6r Globally Recognized Avatar. D\u00e4r kan du skapa ett eget konto och ladda upp en &hellip; Forts\u00e4tt l\u00e4sa Hj\u00e4lp &rarr;","og_url":"https:\/\/tobi3.se\/blog\/sv\/help\/","og_site_name":"Tobi \u00d7 3","article_modified_time":"2011-03-18T13:41:15+00:00","twitter_card":"summary_large_image","twitter_misc":{"Ber\u00e4knad l\u00e4stid":"2 minuter"},"schema":{"@context":"https:\/\/schema.org","@graph":[{"@type":"WebPage","@id":"https:\/\/tobi3.se\/blog\/sv\/help\/","url":"https:\/\/tobi3.se\/blog\/sv\/help\/","name":"Hj\u00e4lp\u0421\u043f\u0440\u0430\u0432\u043a\u0430Help - Tobi \u00d7 3","isPartOf":{"@id":"https:\/\/tobi3.se\/blog\/sv\/#website"},"datePublished":"2011-03-18T08:23:46+00:00","dateModified":"2011-03-18T13:41:15+00:00","breadcrumb":{"@id":"https:\/\/tobi3.se\/blog\/sv\/help\/#breadcrumb"},"inLanguage":"sv-SE","potentialAction":[{"@type":"ReadAction","target":[["https:\/\/tobi3.se\/blog\/sv\/help\/"]]}]},{"@type":"BreadcrumbList","@id":"https:\/\/tobi3.se\/blog\/sv\/help\/#breadcrumb","itemListElement":[{"@type":"ListItem","position":1,"name":"Home","item":"https:\/\/tobi3.se\/blog\/sv\/"},{"@type":"ListItem","position":2,"name":"Hj\u00e4lp"}]},{"@type":"WebSite","@id":"https:\/\/tobi3.se\/blog\/sv\/#website","url":"https:\/\/tobi3.se\/blog\/sv\/","name":"Tobi \u00d7 3","description":"Om livet - p\u00e5 tre spr\u00e5k!","potentialAction":[{"@type":"SearchAction","target":{"@type":"EntryPoint","urlTemplate":"https:\/\/tobi3.se\/blog\/sv\/?s={search_term_string}"},"query-input":{"@type":"PropertyValueSpecification","valueRequired":true,"valueName":"search_term_string"}}],"inLanguage":"sv-SE"}]}},"_links":{"self":[{"href":"https:\/\/tobi3.se\/blog\/sv\/wp-json\/wp\/v2\/pages\/654","targetHints":{"allow":["GET"]}}],"collection":[{"href":"https:\/\/tobi3.se\/blog\/sv\/wp-json\/wp\/v2\/pages"}],"about":[{"href":"https:\/\/tobi3.se\/blog\/sv\/wp-json\/wp\/v2\/types\/page"}],"author":[{"embeddable":true,"href":"https:\/\/tobi3.se\/blog\/sv\/wp-json\/wp\/v2\/users\/1"}],"replies":[{"embeddable":true,"href":"https:\/\/tobi3.se\/blog\/sv\/wp-json\/wp\/v2\/comments?post=654"}],"version-history":[{"count":0,"href":"https:\/\/tobi3.se\/blog\/sv\/wp-json\/wp\/v2\/pages\/654\/revisions"}],"wp:attachment":[{"href":"https:\/\/tobi3.se\/blog\/sv\/wp-json\/wp\/v2\/media?parent=654"}],"curies":[{"name":"wp","href":"https:\/\/api.w.org\/{rel}","templated":true}]}}