{"id":1248,"date":"2012-10-18T22:42:36","date_gmt":"2012-10-18T20:42:36","guid":{"rendered":"https:\/\/tobi3.se\/blog\/?page_id=1248"},"modified":"2012-10-18T22:49:05","modified_gmt":"2012-10-18T20:49:05","slug":"radraknare","status":"publish","type":"page","link":"https:\/\/tobi3.se\/blog\/sv\/radraknare\/","title":{"rendered":"Radr\u00e4knare"},"content":{"rendered":"<p>H\u00e4r \u00e4r ett verktyg f\u00f6r att r\u00e4kna rader och tecken.<br \/>\nIngenting skickas till servern. N\u00e4r du \u00e4r n\u00f6jd, kopiera helt enkelt texten och spara eller ladda upp den dit du vill.<br \/>\n<iframe loading=\"lazy\" src=\"https:\/\/tobi3.se\/Radraknare_sv.html\" width=\"100%\" height=\"600\" frameborder=\"0\"><\/p>\n<p>Din browser st\u00f6djer ej iframes.<\/p>\n<p><\/iframe><\/p>","protected":false},"excerpt":{"rendered":"<p>H\u00e4r \u00e4r ett verktyg f\u00f6r att r\u00e4kna rader och tecken. Ingenting skickas till servern. N\u00e4r du \u00e4r n\u00f6jd, kopiera helt enkelt texten och spara eller ladda upp den dit du vill. Din browser st\u00f6djer ej iframes.<\/p>\n","protected":false},"author":1,"featured_media":0,"parent":0,"menu_order":0,"comment_status":"open","ping_status":"open","template":"","meta":{"footnotes":""},"class_list":["post-1248","page","type-page","status-publish","hentry"],"yoast_head":"<!-- This site is optimized with the Yoast SEO plugin v27.5 - https:\/\/yoast.com\/product\/yoast-seo-wordpress\/ -->\n<title>Radr\u00e4knare\u0421\u0447\u0438\u0442\u0430\u0435\u043c \u0441\u0442\u0440\u043e\u0447\u043a\u0438Count Rows - Tobi \u00d7 3<\/title>\n<meta name=\"robots\" content=\"index, follow, max-snippet:-1, max-image-preview:large, max-video-preview:-1\" \/>\n<link rel=\"canonical\" href=\"https:\/\/tobi3.se\/blog\/sv\/radraknare\/\" \/>\n<meta property=\"og:locale\" content=\"sv_SE\" \/>\n<meta property=\"og:type\" content=\"article\" \/>\n<meta property=\"og:title\" content=\"Radr\u00e4knare\u0421\u0447\u0438\u0442\u0430\u0435\u043c \u0441\u0442\u0440\u043e\u0447\u043a\u0438Count Rows - Tobi \u00d7 3\" \/>\n<meta property=\"og:description\" content=\"H\u00e4r \u00e4r ett verktyg f\u00f6r att r\u00e4kna rader och tecken. Ingenting skickas till servern. N\u00e4r du \u00e4r n\u00f6jd, kopiera helt enkelt texten och spara eller ladda upp den dit du vill. Din browser st\u00f6djer ej iframes.\" \/>\n<meta property=\"og:url\" content=\"https:\/\/tobi3.se\/blog\/sv\/radraknare\/\" \/>\n<meta property=\"og:site_name\" content=\"Tobi \u00d7 3\" \/>\n<meta property=\"article:modified_time\" content=\"2012-10-18T20:49:05+00:00\" \/>\n<meta name=\"twitter:card\" content=\"summary_large_image\" \/>\n<script type=\"application\/ld+json\" class=\"yoast-schema-graph\">{\"@context\":\"https:\\\/\\\/schema.org\",\"@graph\":[{\"@type\":\"WebPage\",\"@id\":\"https:\\\/\\\/tobi3.se\\\/blog\\\/sv\\\/radraknare\\\/\",\"url\":\"https:\\\/\\\/tobi3.se\\\/blog\\\/sv\\\/radraknare\\\/\",\"name\":\"Radr\u00e4knare\u0421\u0447\u0438\u0442\u0430\u0435\u043c \u0441\u0442\u0440\u043e\u0447\u043a\u0438Count Rows - Tobi \u00d7 3\",\"isPartOf\":{\"@id\":\"https:\\\/\\\/tobi3.se\\\/blog\\\/sv\\\/#website\"},\"datePublished\":\"2012-10-18T20:42:36+00:00\",\"dateModified\":\"2012-10-18T20:49:05+00:00\",\"breadcrumb\":{\"@id\":\"https:\\\/\\\/tobi3.se\\\/blog\\\/sv\\\/radraknare\\\/#breadcrumb\"},\"inLanguage\":\"sv-SE\",\"potentialAction\":[{\"@type\":\"ReadAction\",\"target\":[[\"https:\\\/\\\/tobi3.se\\\/blog\\\/sv\\\/radraknare\\\/\"]]}]},{\"@type\":\"BreadcrumbList\",\"@id\":\"https:\\\/\\\/tobi3.se\\\/blog\\\/sv\\\/radraknare\\\/#breadcrumb\",\"itemListElement\":[{\"@type\":\"ListItem\",\"position\":1,\"name\":\"Home\",\"item\":\"https:\\\/\\\/tobi3.se\\\/blog\\\/sv\\\/\"},{\"@type\":\"ListItem\",\"position\":2,\"name\":\"Radr\u00e4knare\"}]},{\"@type\":\"WebSite\",\"@id\":\"https:\\\/\\\/tobi3.se\\\/blog\\\/sv\\\/#website\",\"url\":\"https:\\\/\\\/tobi3.se\\\/blog\\\/sv\\\/\",\"name\":\"Tobi \u00d7 3\",\"description\":\"Om livet - p\u00e5 tre spr\u00e5k!\",\"potentialAction\":[{\"@type\":\"SearchAction\",\"target\":{\"@type\":\"EntryPoint\",\"urlTemplate\":\"https:\\\/\\\/tobi3.se\\\/blog\\\/sv\\\/?s={search_term_string}\"},\"query-input\":{\"@type\":\"PropertyValueSpecification\",\"valueRequired\":true,\"valueName\":\"search_term_string\"}}],\"inLanguage\":\"sv-SE\"}]}<\/script>\n<!-- \/ Yoast SEO plugin. -->","yoast_head_json":{"title":"Radr\u00e4knare\u0421\u0447\u0438\u0442\u0430\u0435\u043c \u0441\u0442\u0440\u043e\u0447\u043a\u0438Count Rows - Tobi \u00d7 3","robots":{"index":"index","follow":"follow","max-snippet":"max-snippet:-1","max-image-preview":"max-image-preview:large","max-video-preview":"max-video-preview:-1"},"canonical":"https:\/\/tobi3.se\/blog\/sv\/radraknare\/","og_locale":"sv_SE","og_type":"article","og_title":"Radr\u00e4knare\u0421\u0447\u0438\u0442\u0430\u0435\u043c \u0441\u0442\u0440\u043e\u0447\u043a\u0438Count Rows - Tobi \u00d7 3","og_description":"H\u00e4r \u00e4r ett verktyg f\u00f6r att r\u00e4kna rader och tecken. Ingenting skickas till servern. N\u00e4r du \u00e4r n\u00f6jd, kopiera helt enkelt texten och spara eller ladda upp den dit du vill. Din browser st\u00f6djer ej iframes.","og_url":"https:\/\/tobi3.se\/blog\/sv\/radraknare\/","og_site_name":"Tobi \u00d7 3","article_modified_time":"2012-10-18T20:49:05+00:00","twitter_card":"summary_large_image","schema":{"@context":"https:\/\/schema.org","@graph":[{"@type":"WebPage","@id":"https:\/\/tobi3.se\/blog\/sv\/radraknare\/","url":"https:\/\/tobi3.se\/blog\/sv\/radraknare\/","name":"Radr\u00e4knare\u0421\u0447\u0438\u0442\u0430\u0435\u043c \u0441\u0442\u0440\u043e\u0447\u043a\u0438Count Rows - Tobi \u00d7 3","isPartOf":{"@id":"https:\/\/tobi3.se\/blog\/sv\/#website"},"datePublished":"2012-10-18T20:42:36+00:00","dateModified":"2012-10-18T20:49:05+00:00","breadcrumb":{"@id":"https:\/\/tobi3.se\/blog\/sv\/radraknare\/#breadcrumb"},"inLanguage":"sv-SE","potentialAction":[{"@type":"ReadAction","target":[["https:\/\/tobi3.se\/blog\/sv\/radraknare\/"]]}]},{"@type":"BreadcrumbList","@id":"https:\/\/tobi3.se\/blog\/sv\/radraknare\/#breadcrumb","itemListElement":[{"@type":"ListItem","position":1,"name":"Home","item":"https:\/\/tobi3.se\/blog\/sv\/"},{"@type":"ListItem","position":2,"name":"Radr\u00e4knare"}]},{"@type":"WebSite","@id":"https:\/\/tobi3.se\/blog\/sv\/#website","url":"https:\/\/tobi3.se\/blog\/sv\/","name":"Tobi \u00d7 3","description":"Om livet - p\u00e5 tre spr\u00e5k!","potentialAction":[{"@type":"SearchAction","target":{"@type":"EntryPoint","urlTemplate":"https:\/\/tobi3.se\/blog\/sv\/?s={search_term_string}"},"query-input":{"@type":"PropertyValueSpecification","valueRequired":true,"valueName":"search_term_string"}}],"inLanguage":"sv-SE"}]}},"_links":{"self":[{"href":"https:\/\/tobi3.se\/blog\/sv\/wp-json\/wp\/v2\/pages\/1248","targetHints":{"allow":["GET"]}}],"collection":[{"href":"https:\/\/tobi3.se\/blog\/sv\/wp-json\/wp\/v2\/pages"}],"about":[{"href":"https:\/\/tobi3.se\/blog\/sv\/wp-json\/wp\/v2\/types\/page"}],"author":[{"embeddable":true,"href":"https:\/\/tobi3.se\/blog\/sv\/wp-json\/wp\/v2\/users\/1"}],"replies":[{"embeddable":true,"href":"https:\/\/tobi3.se\/blog\/sv\/wp-json\/wp\/v2\/comments?post=1248"}],"version-history":[{"count":3,"href":"https:\/\/tobi3.se\/blog\/sv\/wp-json\/wp\/v2\/pages\/1248\/revisions"}],"predecessor-version":[{"id":1251,"href":"https:\/\/tobi3.se\/blog\/sv\/wp-json\/wp\/v2\/pages\/1248\/revisions\/1251"}],"wp:attachment":[{"href":"https:\/\/tobi3.se\/blog\/sv\/wp-json\/wp\/v2\/media?parent=1248"}],"curies":[{"name":"wp","href":"https:\/\/api.w.org\/{rel}","templated":true}]}}