{"id":1037,"date":"2011-05-19T21:35:39","date_gmt":"2011-05-19T19:35:39","guid":{"rendered":"https:\/\/tobi3.se\/blog\/?page_id=1037"},"modified":"2016-11-06T08:19:09","modified_gmt":"2016-11-06T07:19:09","slug":"100-tecken","status":"publish","type":"page","link":"https:\/\/tobi3.se\/blog\/sv\/100-tecken\/","title":{"rendered":"100 tecken"},"content":{"rendered":"<p>H\u00e4r \u00e4r ett verktyg f\u00f6r att enkelt r\u00e4kna hur m\u00e5nga tecken din text inneh\u00e5ller.<br \/>\nIngenting skickas till servern. N\u00e4r du \u00e4r n\u00f6jd, kopiera helt enkelt texten och spara eller ladda upp den dit du vill. <em>(F\u00e5r du till en bra text, \u00e4r du v\u00e4lkommen att skicka in den som en kommentar h\u00e4r nedanf\u00f6r!) (F\u00f6r inspiration, kan du g\u00e5 igenom <a href=\"http:\/\/bit.ly\/100tecken\" target=\"_blank\">listan med &quot;hundratecknare&quot; p\u00e5 poeter.se<\/a>)<\/em><br \/>Pst! Om du vill h\u00e5lla koll p\u00e5 antalet tecken per rad b\u00f6r du kika p\u00e5 <a href=\"https:\/\/tobi3.se\/blog\/radraknare\/\" target=\"_blank\">radr\u00e4knaren<\/a> i st\u00e4llet!<br \/>\n<iframe loading=\"lazy\" src=\"https:\/\/tobi3.se\/100tecken_sv.html\" width=\"100%\" height=\"600\" frameborder=\"0\"><\/p>\n<p>Din browser st\u00f6djer ej iframes.<\/p>\n<p><\/iframe><\/p>","protected":false},"excerpt":{"rendered":"<p>H\u00e4r \u00e4r ett verktyg f\u00f6r att enkelt r\u00e4kna hur m\u00e5nga tecken din text inneh\u00e5ller. Ingenting skickas till servern. N\u00e4r du \u00e4r n\u00f6jd, kopiera helt enkelt texten och spara eller ladda upp den dit du vill. (F\u00e5r du till en bra text, \u00e4r du v\u00e4lkommen att skicka in den som en kommentar h\u00e4r nedanf\u00f6r!) (F\u00f6r inspiration, &hellip; <a href=\"https:\/\/tobi3.se\/blog\/sv\/100-tecken\/\" class=\"more-link\">Forts\u00e4tt l\u00e4sa <span class=\"screen-reader-text\">100 tecken<\/span> <span class=\"meta-nav\">&rarr;<\/span><\/a><\/p>\n","protected":false},"author":1,"featured_media":0,"parent":0,"menu_order":0,"comment_status":"open","ping_status":"open","template":"","meta":{"footnotes":""},"class_list":["post-1037","page","type-page","status-publish","hentry"],"yoast_head":"<!-- This site is optimized with the Yoast SEO plugin v27.5 - https:\/\/yoast.com\/product\/yoast-seo-wordpress\/ -->\n<title>100 tecken - Tobi \u00d7 3<\/title>\n<meta name=\"robots\" content=\"index, follow, max-snippet:-1, max-image-preview:large, max-video-preview:-1\" \/>\n<link rel=\"canonical\" href=\"https:\/\/tobi3.se\/blog\/sv\/100-tecken\/\" \/>\n<meta property=\"og:locale\" content=\"sv_SE\" \/>\n<meta property=\"og:type\" content=\"article\" \/>\n<meta property=\"og:title\" content=\"100 tecken - Tobi \u00d7 3\" \/>\n<meta property=\"og:description\" content=\"H\u00e4r \u00e4r ett verktyg f\u00f6r att enkelt r\u00e4kna hur m\u00e5nga tecken din text inneh\u00e5ller. Ingenting skickas till servern. N\u00e4r du \u00e4r n\u00f6jd, kopiera helt enkelt texten och spara eller ladda upp den dit du vill. (F\u00e5r du till en bra text, \u00e4r du v\u00e4lkommen att skicka in den som en kommentar h\u00e4r nedanf\u00f6r!) (F\u00f6r inspiration, &hellip; Forts\u00e4tt l\u00e4sa 100 tecken &rarr;\" \/>\n<meta property=\"og:url\" content=\"https:\/\/tobi3.se\/blog\/sv\/100-tecken\/\" \/>\n<meta property=\"og:site_name\" content=\"Tobi \u00d7 3\" \/>\n<meta property=\"article:modified_time\" content=\"2016-11-06T07:19:09+00:00\" \/>\n<meta name=\"twitter:card\" content=\"summary_large_image\" \/>\n<meta name=\"twitter:label1\" content=\"Ber\u00e4knad l\u00e4stid\" \/>\n\t<meta name=\"twitter:data1\" content=\"1 minut\" \/>\n<script type=\"application\/ld+json\" class=\"yoast-schema-graph\">{\"@context\":\"https:\\\/\\\/schema.org\",\"@graph\":[{\"@type\":\"WebPage\",\"@id\":\"https:\\\/\\\/tobi3.se\\\/blog\\\/sv\\\/100-tecken\\\/\",\"url\":\"https:\\\/\\\/tobi3.se\\\/blog\\\/sv\\\/100-tecken\\\/\",\"name\":\"100 tecken - Tobi \u00d7 3\",\"isPartOf\":{\"@id\":\"https:\\\/\\\/tobi3.se\\\/blog\\\/sv\\\/#website\"},\"datePublished\":\"2011-05-19T19:35:39+00:00\",\"dateModified\":\"2016-11-06T07:19:09+00:00\",\"breadcrumb\":{\"@id\":\"https:\\\/\\\/tobi3.se\\\/blog\\\/sv\\\/100-tecken\\\/#breadcrumb\"},\"inLanguage\":\"sv-SE\",\"potentialAction\":[{\"@type\":\"ReadAction\",\"target\":[[\"https:\\\/\\\/tobi3.se\\\/blog\\\/sv\\\/100-tecken\\\/\"]]}]},{\"@type\":\"BreadcrumbList\",\"@id\":\"https:\\\/\\\/tobi3.se\\\/blog\\\/sv\\\/100-tecken\\\/#breadcrumb\",\"itemListElement\":[{\"@type\":\"ListItem\",\"position\":1,\"name\":\"Home\",\"item\":\"https:\\\/\\\/tobi3.se\\\/blog\\\/sv\\\/\"},{\"@type\":\"ListItem\",\"position\":2,\"name\":\"100 tecken\"}]},{\"@type\":\"WebSite\",\"@id\":\"https:\\\/\\\/tobi3.se\\\/blog\\\/sv\\\/#website\",\"url\":\"https:\\\/\\\/tobi3.se\\\/blog\\\/sv\\\/\",\"name\":\"Tobi \u00d7 3\",\"description\":\"Om livet - p\u00e5 tre spr\u00e5k!\",\"potentialAction\":[{\"@type\":\"SearchAction\",\"target\":{\"@type\":\"EntryPoint\",\"urlTemplate\":\"https:\\\/\\\/tobi3.se\\\/blog\\\/sv\\\/?s={search_term_string}\"},\"query-input\":{\"@type\":\"PropertyValueSpecification\",\"valueRequired\":true,\"valueName\":\"search_term_string\"}}],\"inLanguage\":\"sv-SE\"}]}<\/script>\n<!-- \/ Yoast SEO plugin. -->","yoast_head_json":{"title":"100 tecken - Tobi \u00d7 3","robots":{"index":"index","follow":"follow","max-snippet":"max-snippet:-1","max-image-preview":"max-image-preview:large","max-video-preview":"max-video-preview:-1"},"canonical":"https:\/\/tobi3.se\/blog\/sv\/100-tecken\/","og_locale":"sv_SE","og_type":"article","og_title":"100 tecken - Tobi \u00d7 3","og_description":"H\u00e4r \u00e4r ett verktyg f\u00f6r att enkelt r\u00e4kna hur m\u00e5nga tecken din text inneh\u00e5ller. Ingenting skickas till servern. N\u00e4r du \u00e4r n\u00f6jd, kopiera helt enkelt texten och spara eller ladda upp den dit du vill. (F\u00e5r du till en bra text, \u00e4r du v\u00e4lkommen att skicka in den som en kommentar h\u00e4r nedanf\u00f6r!) (F\u00f6r inspiration, &hellip; Forts\u00e4tt l\u00e4sa 100 tecken &rarr;","og_url":"https:\/\/tobi3.se\/blog\/sv\/100-tecken\/","og_site_name":"Tobi \u00d7 3","article_modified_time":"2016-11-06T07:19:09+00:00","twitter_card":"summary_large_image","twitter_misc":{"Ber\u00e4knad l\u00e4stid":"1 minut"},"schema":{"@context":"https:\/\/schema.org","@graph":[{"@type":"WebPage","@id":"https:\/\/tobi3.se\/blog\/sv\/100-tecken\/","url":"https:\/\/tobi3.se\/blog\/sv\/100-tecken\/","name":"100 tecken - Tobi \u00d7 3","isPartOf":{"@id":"https:\/\/tobi3.se\/blog\/sv\/#website"},"datePublished":"2011-05-19T19:35:39+00:00","dateModified":"2016-11-06T07:19:09+00:00","breadcrumb":{"@id":"https:\/\/tobi3.se\/blog\/sv\/100-tecken\/#breadcrumb"},"inLanguage":"sv-SE","potentialAction":[{"@type":"ReadAction","target":[["https:\/\/tobi3.se\/blog\/sv\/100-tecken\/"]]}]},{"@type":"BreadcrumbList","@id":"https:\/\/tobi3.se\/blog\/sv\/100-tecken\/#breadcrumb","itemListElement":[{"@type":"ListItem","position":1,"name":"Home","item":"https:\/\/tobi3.se\/blog\/sv\/"},{"@type":"ListItem","position":2,"name":"100 tecken"}]},{"@type":"WebSite","@id":"https:\/\/tobi3.se\/blog\/sv\/#website","url":"https:\/\/tobi3.se\/blog\/sv\/","name":"Tobi \u00d7 3","description":"Om livet - p\u00e5 tre spr\u00e5k!","potentialAction":[{"@type":"SearchAction","target":{"@type":"EntryPoint","urlTemplate":"https:\/\/tobi3.se\/blog\/sv\/?s={search_term_string}"},"query-input":{"@type":"PropertyValueSpecification","valueRequired":true,"valueName":"search_term_string"}}],"inLanguage":"sv-SE"}]}},"_links":{"self":[{"href":"https:\/\/tobi3.se\/blog\/sv\/wp-json\/wp\/v2\/pages\/1037","targetHints":{"allow":["GET"]}}],"collection":[{"href":"https:\/\/tobi3.se\/blog\/sv\/wp-json\/wp\/v2\/pages"}],"about":[{"href":"https:\/\/tobi3.se\/blog\/sv\/wp-json\/wp\/v2\/types\/page"}],"author":[{"embeddable":true,"href":"https:\/\/tobi3.se\/blog\/sv\/wp-json\/wp\/v2\/users\/1"}],"replies":[{"embeddable":true,"href":"https:\/\/tobi3.se\/blog\/sv\/wp-json\/wp\/v2\/comments?post=1037"}],"version-history":[{"count":3,"href":"https:\/\/tobi3.se\/blog\/sv\/wp-json\/wp\/v2\/pages\/1037\/revisions"}],"predecessor-version":[{"id":1513,"href":"https:\/\/tobi3.se\/blog\/sv\/wp-json\/wp\/v2\/pages\/1037\/revisions\/1513"}],"wp:attachment":[{"href":"https:\/\/tobi3.se\/blog\/sv\/wp-json\/wp\/v2\/media?parent=1037"}],"curies":[{"name":"wp","href":"https:\/\/api.w.org\/{rel}","templated":true}]}}